{"id":3288,"date":"2025-09-22T15:00:10","date_gmt":"2025-09-22T13:00:10","guid":{"rendered":"https:\/\/ariellekitio.com\/?page_id=3288"},"modified":"2025-09-26T17:11:48","modified_gmt":"2025-09-26T15:11:48","slug":"programmes-pour-filles-femmes-dans-la-tech","status":"publish","type":"page","link":"https:\/\/arielle.douglas-wafo.com\/en\/programmes-pour-filles-femmes-dans-la-tech\/","title":{"rendered":"Programs for girls &amp; women in tech"},"content":{"rendered":"<div data-elementor-type=\"wp-page\" data-elementor-id=\"3288\" class=\"elementor elementor-3288\" data-elementor-post-type=\"page\">\n\t\t\t\t<div class=\"elementor-element elementor-element-41c2585 e-flex e-con-boxed e-con e-parent\" data-id=\"41c2585\" data-element_type=\"container\" data-settings=\"{&quot;background_background&quot;:&quot;classic&quot;}\">\n\t\t\t\t\t<div class=\"e-con-inner\">\n\t\t\t\t<div class=\"elementor-element elementor-element-8e0b1a8 elementor-icon-list--layout-inline elementor-mobile-align-center elementor-list-item-link-full_width elementor-invisible elementor-widget elementor-widget-icon-list\" data-id=\"8e0b1a8\" data-element_type=\"widget\" data-settings=\"{&quot;_animation&quot;:&quot;fadeInUp&quot;}\" data-widget_type=\"icon-list.default\">\n\t\t\t\t\t\t\t<ul class=\"elementor-icon-list-items elementor-inline-items\">\n\t\t\t\t\t\t\t<li class=\"elementor-icon-list-item elementor-inline-item\">\n\t\t\t\t\t\t\t\t\t\t\t<a href=\"https:\/\/arielle.douglas-wafo.com\/en\">\n\n\t\t\t\t\t\t\t\t\t\t\t<span class=\"elementor-icon-list-text\">Home<\/span>\n\t\t\t\t\t\t\t\t\t\t\t<\/a>\n\t\t\t\t\t\t\t\t\t<\/li>\n\t\t\t\t\t\t\t\t<li class=\"elementor-icon-list-item elementor-inline-item\">\n\t\t\t\t\t\t\t\t\t\t\t<span class=\"elementor-icon-list-icon\">\n\t\t\t\t\t\t\t<svg aria-hidden=\"true\" class=\"e-font-icon-svg e-fas-arrow-right\" viewbox=\"0 0 448 512\" xmlns=\"http:\/\/www.w3.org\/2000\/svg\"><path d=\"M190.5 66.9l22.2-22.2c9.4-9.4 24.6-9.4 33.9 0L441 239c9.4 9.4 9.4 24.6 0 33.9L246.6 467.3c-9.4 9.4-24.6 9.4-33.9 0l-22.2-22.2c-9.5-9.5-9.3-25 .4-34.3L311.4 296H24c-13.3 0-24-10.7-24-24v-32c0-13.3 10.7-24 24-24h287.4L190.9 101.2c-9.8-9.3-10-24.8-.4-34.3z\"><\/path><\/svg>\t\t\t\t\t\t<\/span>\n\t\t\t\t\t\t\t\t\t\t<span class=\"elementor-icon-list-text\"><\/span>\n\t\t\t\t\t\t\t\t\t<\/li>\n\t\t\t\t\t\t<\/ul>\n\t\t\t\t\t\t<\/div>\n\t\t<div class=\"elementor-element elementor-element-16c8722 e-con-full e-flex e-con e-child\" data-id=\"16c8722\" data-element_type=\"container\">\n\t\t\t\t<div class=\"elementor-element elementor-element-75b58b5 elementor-invisible elementor-widget elementor-widget-ucaddon_list\" data-id=\"75b58b5\" data-element_type=\"widget\" data-settings=\"{&quot;_animation&quot;:&quot;fadeInUp&quot;}\" data-widget_type=\"ucaddon_list.default\">\n\t\t\t\t<div class=\"elementor-widget-container\">\n\t\t\t\t\t\n<!-- start List -->\n\t\t<link id='font-awesome-css' href='https:\/\/arielle.douglas-wafo.com\/wp-content\/plugins\/unlimited-elements-for-elementor-premium\/assets_libraries\/font-awesome6\/fontawesome-all.min.css' type='text\/css' rel='stylesheet' >\n\t\t<link id='font-awesome-4-shim-css' href='https:\/\/arielle.douglas-wafo.com\/wp-content\/plugins\/unlimited-elements-for-elementor-premium\/assets_libraries\/font-awesome6\/fontawesome-v4-shims.min.css' type='text\/css' rel='stylesheet' >\n\n<style>\/* widget: List *\/\n\n\n\n#uc_list_elementor_75b58b5{\n  display:grid;\n  position:relative;\n}\n\n#uc_list_elementor_75b58b5 .ue-list-item{\n  display:flex;\n}\n\n#uc_list_elementor_75b58b5 .ue-list-item-title{\n  display:flex;\n  align-items: center;\n} \n\n\n  #uc_list_elementor_75b58b5 .ue-list-item a{\n    width:100%;\n  }\n\n#uc_list_elementor_75b58b5 .ue-list-item-image img{\n  max-width:100%;\n}\n\n#uc_list_elementor_75b58b5 .ue-list-item-text *{\n  transition: inherit;\n}\n\n#uc_list_elementor_75b58b5 .ue-list-item-index{\n  flex-grow:0;\n  flex-shrink:0;\n  display:flex;\n  align-items:center;\n  justify-content:center;\n  line-height:1em;\n}\n\n#uc_list_elementor_75b58b5 .ue-list-item-index svg{\n  height:1em;\n  width:1em;\n}\n\n#uc_list_elementor_75b58b5 .ue-list-item-content{\n  flex-grow:1;\n}\n\n.ue_badge{\n  font-size:13px;\n}\n\n<\/style>\n\n<div id=\"uc_list_elementor_75b58b5\" class=\"ue-list uc-items-wrapper\"  >\n  <a class=\"ue-list-item elementor-repeater-item-77d10e8\" href=\"https:\/\/arielle.douglas-wafo.com\/en\/consulting\/\"  >\n  <div class=\"ue-list-item-index\">\n                              <img src='https:\/\/arielle.douglas-wafo.com\/wp-content\/uploads\/2025\/08\/arrow-right-up-line.svg' class='uc-svg-image'>\n                    \n  <\/div>\n  <div class=\"ue-list-item-content\">\n    <h4 class=\"ue-list-item-title\">Coaching \n                  <\/h4>\n          <\/div>\n<\/a>\n\n<\/div>\n<!-- end List -->\t\t\t\t<\/div>\n\t\t\t\t<\/div>\n\t\t\t\t<div class=\"elementor-element elementor-element-a0ce265 elementor-invisible elementor-widget elementor-widget-ucaddon_list\" data-id=\"a0ce265\" data-element_type=\"widget\" data-settings=\"{&quot;_animation&quot;:&quot;fadeInUp&quot;}\" data-widget_type=\"ucaddon_list.default\">\n\t\t\t\t<div class=\"elementor-widget-container\">\n\t\t\t\t\t\n<!-- start List -->\n\n<style>\/* widget: List *\/\n\n\n\n#uc_list_elementor_a0ce265{\n  display:grid;\n  position:relative;\n}\n\n#uc_list_elementor_a0ce265 .ue-list-item{\n  display:flex;\n}\n\n#uc_list_elementor_a0ce265 .ue-list-item-title{\n  display:flex;\n  align-items: center;\n} \n\n\n  #uc_list_elementor_a0ce265 .ue-list-item a{\n    width:100%;\n  }\n\n#uc_list_elementor_a0ce265 .ue-list-item-image img{\n  max-width:100%;\n}\n\n#uc_list_elementor_a0ce265 .ue-list-item-text *{\n  transition: inherit;\n}\n\n#uc_list_elementor_a0ce265 .ue-list-item-index{\n  flex-grow:0;\n  flex-shrink:0;\n  display:flex;\n  align-items:center;\n  justify-content:center;\n  line-height:1em;\n}\n\n#uc_list_elementor_a0ce265 .ue-list-item-index svg{\n  height:1em;\n  width:1em;\n}\n\n#uc_list_elementor_a0ce265 .ue-list-item-content{\n  flex-grow:1;\n}\n\n.ue_badge{\n  font-size:13px;\n}\n\n<\/style>\n\n<div id=\"uc_list_elementor_a0ce265\" class=\"ue-list uc-items-wrapper\"  >\n  <a class=\"ue-list-item elementor-repeater-item-4fa6287\" href=\"https:\/\/arielle.douglas-wafo.com\/en\/diagnostic-dorientation\/\"  >\n  <div class=\"ue-list-item-index\">\n                              <img src='https:\/\/arielle.douglas-wafo.com\/wp-content\/uploads\/2025\/08\/arrow-right-up-line.svg' class='uc-svg-image'>\n                    \n  <\/div>\n  <div class=\"ue-list-item-content\">\n    <h4 class=\"ue-list-item-title\">Diagnostic \n                  <\/h4>\n          <\/div>\n<\/a>\n\n<\/div>\n<!-- end List -->\t\t\t\t<\/div>\n\t\t\t\t<\/div>\n\t\t\t\t<div class=\"elementor-element elementor-element-a68f393 elementor-invisible elementor-widget elementor-widget-ucaddon_list\" data-id=\"a68f393\" data-element_type=\"widget\" data-settings=\"{&quot;_animation&quot;:&quot;fadeInUp&quot;}\" data-widget_type=\"ucaddon_list.default\">\n\t\t\t\t<div class=\"elementor-widget-container\">\n\t\t\t\t\t\n<!-- start List -->\n\n<style>\/* widget: List *\/\n\n\n\n#uc_list_elementor_a68f393{\n  display:grid;\n  position:relative;\n}\n\n#uc_list_elementor_a68f393 .ue-list-item{\n  display:flex;\n}\n\n#uc_list_elementor_a68f393 .ue-list-item-title{\n  display:flex;\n  align-items: center;\n} \n\n\n  #uc_list_elementor_a68f393 .ue-list-item a{\n    width:100%;\n  }\n\n#uc_list_elementor_a68f393 .ue-list-item-image img{\n  max-width:100%;\n}\n\n#uc_list_elementor_a68f393 .ue-list-item-text *{\n  transition: inherit;\n}\n\n#uc_list_elementor_a68f393 .ue-list-item-index{\n  flex-grow:0;\n  flex-shrink:0;\n  display:flex;\n  align-items:center;\n  justify-content:center;\n  line-height:1em;\n}\n\n#uc_list_elementor_a68f393 .ue-list-item-index svg{\n  height:1em;\n  width:1em;\n}\n\n#uc_list_elementor_a68f393 .ue-list-item-content{\n  flex-grow:1;\n}\n\n.ue_badge{\n  font-size:13px;\n}\n\n<\/style>\n\n<div id=\"uc_list_elementor_a68f393\" class=\"ue-list uc-items-wrapper\"  >\n  <a class=\"ue-list-item elementor-repeater-item-77d10e8\" href=\"https:\/\/arielle.douglas-wafo.com\/en\/contact\/\"  >\n  <div class=\"ue-list-item-index\">\n                              <img src='https:\/\/arielle.douglas-wafo.com\/wp-content\/uploads\/2025\/08\/arrow-right-up-line.svg' class='uc-svg-image'>\n                    \n  <\/div>\n  <div class=\"ue-list-item-content\">\n    <h4 class=\"ue-list-item-title\">Contact \n                  <\/h4>\n          <\/div>\n<\/a>\n\n<\/div>\n<!-- end List -->\t\t\t\t<\/div>\n\t\t\t\t<\/div>\n\t\t\t\t<\/div>\n\t\t\t\t\t<\/div>\n\t\t\t\t<\/div>\n\t\t<div class=\"elementor-element elementor-element-c5973a3 e-flex e-con-boxed e-con e-parent\" data-id=\"c5973a3\" data-element_type=\"container\">\n\t\t\t\t\t<div class=\"e-con-inner\">\n\t\t<div class=\"elementor-element elementor-element-0e44b67 e-con-full e-flex e-con e-child\" data-id=\"0e44b67\" data-element_type=\"container\">\n\t\t\t\t<div class=\"elementor-element elementor-element-e40119c elementor-invisible elementor-widget elementor-widget-text-editor\" data-id=\"e40119c\" data-element_type=\"widget\" data-settings=\"{&quot;_animation&quot;:&quot;fadeInUp&quot;}\" data-widget_type=\"text-editor.default\">\n\t\t\t\t\t\t\t\t\t<h2>Pan-African and international advocacy for youth, girls, and Africa <br \/>in the <span style=\"color: #a98c52;\">STEAM<\/span><\/h2>\t\t\t\t\t\t\t\t<\/div>\n\t\t\t\t<div class=\"elementor-element elementor-element-73fd2b3 elementor-invisible elementor-widget elementor-widget-text-editor\" data-id=\"73fd2b3\" data-element_type=\"widget\" data-settings=\"{&quot;_animation&quot;:&quot;fadeInUp&quot;}\" data-widget_type=\"text-editor.default\">\n\t\t\t\t\t\t\t\t\t<p>KTA designs and runs mentoring, training, and awareness programs to support girls and women in science and technology, paving the way for greater representation of women in the professions of the future. <strong>Concrete impact<\/strong> : more than <strong>230 direct jobs created<\/strong> in the STEAM field.<\/p>\t\t\t\t\t\t\t\t<\/div>\n\t\t\t\t<div class=\"elementor-element elementor-element-b1beb24 elementor-widget elementor-widget-ucaddon_list\" data-id=\"b1beb24\" data-element_type=\"widget\" data-widget_type=\"ucaddon_list.default\">\n\t\t\t\t<div class=\"elementor-widget-container\">\n\t\t\t\t\t\n<!-- start List -->\n\n<style>\/* widget: List *\/\n\n\r\n@keyframes uc_list_elementor_b1beb24__item-animation {\r\n  0% {\r\n            transform: translateY(100px);\r\n        \t\r\n    \t    opacity: 0;\r\n  }\r\n  100% {\r\n            transform: translateY(0px);\r\n        \t\r\n    \t\topacity: 1;\r\n  }\r\n}\r\n\r\n\r\n#uc_list_elementor_b1beb24 .ue-list-item{\r\n\topacity:0;\r\n}\r\n\r\n\r\n#uc_list_elementor_b1beb24 .uc-entrance-animate {\r\n  opacity:1;\r\n}\r\n\r\n#uc_list_elementor_b1beb24 .uc-entrance-animate {\r\n\tanimation: uc_list_elementor_b1beb24__item-animation 0.6s cubic-bezier(0.470, 0.000, 0.745, 0.715) both;\r\n}\r\n\r\n\t\t\t\n\n#uc_list_elementor_b1beb24{\n  display:grid;\n  position:relative;\n}\n\n#uc_list_elementor_b1beb24 .ue-list-item{\n  display:flex;\n}\n\n#uc_list_elementor_b1beb24 .ue-list-item-title{\n  display:flex;\n  align-items: center;\n} \n\n\n\n#uc_list_elementor_b1beb24 .ue-list-item-image img{\n  max-width:100%;\n}\n\n#uc_list_elementor_b1beb24 .ue-list-item-text *{\n  transition: inherit;\n}\n\n#uc_list_elementor_b1beb24 .ue-list-item-index{\n  flex-grow:0;\n  flex-shrink:0;\n  display:flex;\n  align-items:center;\n  justify-content:center;\n  line-height:1em;\n}\n\n#uc_list_elementor_b1beb24 .ue-list-item-index svg{\n  height:1em;\n  width:1em;\n}\n\n#uc_list_elementor_b1beb24 .ue-list-item-content{\n  flex-grow:1;\n}\n\n.ue_badge{\n  font-size:13px;\n}\n\n<\/style>\n\n<div id=\"uc_list_elementor_b1beb24\" class=\"ue-list uc-items-wrapper\"  >\n  <a class=\"ue-list-item elementor-repeater-item-b3e5384\" >\n  <div class=\"ue-list-item-index\">\n                              <i class='tk tk-check-circle'><\/i>\n                    \n  <\/div>\n  <div class=\"ue-list-item-content\">\n    <h4 class=\"ue-list-item-title\">Masterclasses and workshops \n                  <\/h4>\n          <\/div>\n<\/a>\n<a class=\"ue-list-item elementor-repeater-item-75457ee\" >\n  <div class=\"ue-list-item-index\">\n                              <i class='tk tk-check-circle'><\/i>\n                    \n  <\/div>\n  <div class=\"ue-list-item-content\">\n    <h4 class=\"ue-list-item-title\">Long-term mentoring programs \n                  <\/h4>\n          <\/div>\n<\/a>\n<a class=\"ue-list-item elementor-repeater-item-636d134\" >\n  <div class=\"ue-list-item-index\">\n                              <i class='tk tk-check-circle'><\/i>\n                    \n  <\/div>\n  <div class=\"ue-list-item-content\">\n    <h4 class=\"ue-list-item-title\">Conference and event presentations \n                  <\/h4>\n          <\/div>\n<\/a>\n\n<\/div>\n<!-- end List -->\t\t\t\t<\/div>\n\t\t\t\t<\/div>\n\t\t<div class=\"elementor-element elementor-element-0c06e79 e-con-full e-flex e-con e-child\" data-id=\"0c06e79\" data-element_type=\"container\">\n\t\t\t\t<div class=\"elementor-element elementor-element-fc00008 elementor-invisible elementor-widget elementor-widget-ucaddon_list\" data-id=\"fc00008\" data-element_type=\"widget\" data-settings=\"{&quot;_animation&quot;:&quot;fadeInUp&quot;}\" data-widget_type=\"ucaddon_list.default\">\n\t\t\t\t<div class=\"elementor-widget-container\">\n\t\t\t\t\t\n<!-- start List -->\n\n<style>\/* widget: List *\/\n\n\n\n#uc_list_elementor_fc00008{\n  display:grid;\n  position:relative;\n}\n\n#uc_list_elementor_fc00008 .ue-list-item{\n  display:flex;\n}\n\n#uc_list_elementor_fc00008 .ue-list-item-title{\n  display:flex;\n  align-items: center;\n} \n\n\n  #uc_list_elementor_fc00008 .ue-list-item a{\n    width:100%;\n  }\n\n#uc_list_elementor_fc00008 .ue-list-item-image img{\n  max-width:100%;\n}\n\n#uc_list_elementor_fc00008 .ue-list-item-text *{\n  transition: inherit;\n}\n\n#uc_list_elementor_fc00008 .ue-list-item-index{\n  flex-grow:0;\n  flex-shrink:0;\n  display:flex;\n  align-items:center;\n  justify-content:center;\n  line-height:1em;\n}\n\n#uc_list_elementor_fc00008 .ue-list-item-index svg{\n  height:1em;\n  width:1em;\n}\n\n#uc_list_elementor_fc00008 .ue-list-item-content{\n  flex-grow:1;\n}\n\n.ue_badge{\n  font-size:13px;\n}\n\n<\/style>\n\n<div id=\"uc_list_elementor_fc00008\" class=\"ue-list uc-items-wrapper\"  >\n  <a class=\"ue-list-item elementor-repeater-item-77d10e8\" href=\"http:\/\/www.afomedia.com\/\"  target='_blank' >\n  <div class=\"ue-list-item-index\">\n                              <img src='https:\/\/arielle.douglas-wafo.com\/wp-content\/uploads\/2025\/08\/arrow-right-up-line.svg' class='uc-svg-image'>\n                    \n  <\/div>\n  <div class=\"ue-list-item-content\">\n    <h4 class=\"ue-list-item-title\">MISSION NOVA \/ OTHERWISE \n                  <\/h4>\n          <\/div>\n<\/a>\n\n<\/div>\n<!-- end List -->\t\t\t\t<\/div>\n\t\t\t\t<\/div>\n\t\t\t\t<div class=\"elementor-element elementor-element-2d7cc3b elementor-invisible elementor-widget elementor-widget-ucaddon_list\" data-id=\"2d7cc3b\" data-element_type=\"widget\" data-settings=\"{&quot;_animation&quot;:&quot;fadeInUp&quot;}\" data-widget_type=\"ucaddon_list.default\">\n\t\t\t\t<div class=\"elementor-widget-container\">\n\t\t\t\t\t\n<!-- start List -->\n\n<style>\/* widget: List *\/\n\n\n\n#uc_list_elementor_2d7cc3b{\n  display:grid;\n  position:relative;\n}\n\n#uc_list_elementor_2d7cc3b .ue-list-item{\n  display:flex;\n}\n\n#uc_list_elementor_2d7cc3b .ue-list-item-title{\n  display:flex;\n  align-items: center;\n} \n\n\n  #uc_list_elementor_2d7cc3b .ue-list-item a{\n    width:100%;\n  }\n\n#uc_list_elementor_2d7cc3b .ue-list-item-image img{\n  max-width:100%;\n}\n\n#uc_list_elementor_2d7cc3b .ue-list-item-text *{\n  transition: inherit;\n}\n\n#uc_list_elementor_2d7cc3b .ue-list-item-index{\n  flex-grow:0;\n  flex-shrink:0;\n  display:flex;\n  align-items:center;\n  justify-content:center;\n  line-height:1em;\n}\n\n#uc_list_elementor_2d7cc3b .ue-list-item-index svg{\n  height:1em;\n  width:1em;\n}\n\n#uc_list_elementor_2d7cc3b .ue-list-item-content{\n  flex-grow:1;\n}\n\n.ue_badge{\n  font-size:13px;\n}\n\n<\/style>\n\n<div id=\"uc_list_elementor_2d7cc3b\" class=\"ue-list uc-items-wrapper\"  >\n  <a class=\"ue-list-item elementor-repeater-item-4fa6287\" href=\"https:\/\/www.amazon.fr\/INKA-1-Arielle-KITIO-TSAMO\/dp\/9956410039\"  target='_blank' >\n  <div class=\"ue-list-item-index\">\n                              <img src='https:\/\/arielle.douglas-wafo.com\/wp-content\/uploads\/2025\/08\/arrow-right-up-line.svg' class='uc-svg-image'>\n                    \n  <\/div>\n  <div class=\"ue-list-item-content\">\n    <h4 class=\"ue-list-item-title\">INKA \n                  <\/h4>\n          <\/div>\n<\/a>\n\n<\/div>\n<!-- end List -->\t\t\t\t<\/div>\n\t\t\t\t<\/div>\n\t\t\t\t<\/div>\n\t\t\t\t<\/div>\n\t\t<div class=\"elementor-element elementor-element-37c287c e-con-full e-flex e-con e-child\" data-id=\"37c287c\" data-element_type=\"container\" data-settings=\"{&quot;background_background&quot;:&quot;classic&quot;}\">\n\t\t\t\t<\/div>\n\t\t\t\t\t<\/div>\n\t\t\t\t<\/div>\n\t\t<div class=\"elementor-element elementor-element-e451cbb e-flex e-con-boxed e-con e-parent\" data-id=\"e451cbb\" data-element_type=\"container\">\n\t\t\t\t\t<div class=\"e-con-inner\">\n\t\t\t\t<div class=\"elementor-element elementor-element-b725a7d elementor-widget elementor-widget-ucaddon_list\" data-id=\"b725a7d\" data-element_type=\"widget\" data-widget_type=\"ucaddon_list.default\">\n\t\t\t\t<div class=\"elementor-widget-container\">\n\t\t\t\t\t\n<!-- start List -->\n\n<style>\/* widget: List *\/\n\n\r\n@keyframes uc_list_elementor_b725a7d__item-animation {\r\n  0% {\r\n            transform: translateY(100px);\r\n        \t\r\n    \t    opacity: 0;\r\n  }\r\n  100% {\r\n            transform: translateY(0px);\r\n        \t\r\n    \t\topacity: 1;\r\n  }\r\n}\r\n\r\n\r\n#uc_list_elementor_b725a7d .ue-list-item{\r\n\topacity:0;\r\n}\r\n\r\n\r\n#uc_list_elementor_b725a7d .uc-entrance-animate {\r\n  opacity:1;\r\n}\r\n\r\n#uc_list_elementor_b725a7d .uc-entrance-animate {\r\n\tanimation: uc_list_elementor_b725a7d__item-animation 0.6s cubic-bezier(0.470, 0.000, 0.745, 0.715) both;\r\n}\r\n\r\n\t\t\t\n\n#uc_list_elementor_b725a7d{\n  display:grid;\n  position:relative;\n}\n\n#uc_list_elementor_b725a7d .ue-list-item{\n  display:flex;\n}\n\n#uc_list_elementor_b725a7d .ue-list-item-title{\n  display:flex;\n  align-items: center;\n} \n\n\n\n#uc_list_elementor_b725a7d .ue-list-item-image img{\n  max-width:100%;\n}\n\n#uc_list_elementor_b725a7d .ue-list-item-text *{\n  transition: inherit;\n}\n\n#uc_list_elementor_b725a7d .ue-list-item-index{\n  flex-grow:0;\n  flex-shrink:0;\n  display:flex;\n  align-items:center;\n  justify-content:center;\n  line-height:1em;\n}\n\n#uc_list_elementor_b725a7d .ue-list-item-index svg{\n  height:1em;\n  width:1em;\n}\n\n#uc_list_elementor_b725a7d .ue-list-item-content{\n  flex-grow:1;\n}\n\n.ue_badge{\n  font-size:13px;\n}\n\n<\/style>\n\n<div id=\"uc_list_elementor_b725a7d\" class=\"ue-list uc-items-wrapper\"  >\n  <a class=\"ue-list-item elementor-repeater-item-b3e5384\" >\n  <div class=\"ue-list-item-index\">\n                              <i class='tk tk-check-circle'><\/i>\n                    \n  <\/div>\n  <div class=\"ue-list-item-content\">\n    <h4 class=\"ue-list-item-title\">Coding Academy Techwomen Factory \n                  <\/h4>\n          <div class=\"ue-list-item-text\"><p>At the heart of Techwomen Factory, the <strong>Coding Academy<\/strong> offers intensive training courses in web development, data science, artificial intelligence, and cybersecurity. With a project-based approach, this academy enables participants to acquire in just a few months <strong>directly employable technical skills<\/strong>.<\/p><\/div>          <\/div>\n<\/a>\n<a class=\"ue-list-item elementor-repeater-item-75457ee\" >\n  <div class=\"ue-list-item-index\">\n                              <i class='tk tk-check-circle'><\/i>\n                    \n  <\/div>\n  <div class=\"ue-list-item-content\">\n    <h4 class=\"ue-list-item-title\">Placement and employability program \n                  <\/h4>\n          <div class=\"ue-list-item-text\"><p>The approach does not stop at training: Techwomen Factory has set up a structured professional placement program in partnership with 54 organizations, including local and international companies (World Bank, GIZ, ONACC, startups, ministries) as well as outsourcing options. The result: a high professional integration rate of 100%.<\/p><\/div>          <\/div>\n<\/a>\n<a class=\"ue-list-item elementor-repeater-item-636d134\" >\n  <div class=\"ue-list-item-index\">\n                              <i class='tk tk-check-circle'><\/i>\n                    \n  <\/div>\n  <div class=\"ue-list-item-content\">\n    <h4 class=\"ue-list-item-title\">Incubation and entrepreneurship component \n                  <\/h4>\n          <div class=\"ue-list-item-text\"><p>For women who choose to create their own solutions, Techwomen Factory deploys an <strong>incubation program<\/strong> which offers support, mentoring, and access to a <strong>startup capital<\/strong>The last cohort, 50 women received startup capital and two startups raised 150,000 Canadian dollars.<\/p><\/div>          <\/div>\n<\/a>\n\n<\/div>\n<!-- end List -->\t\t\t\t<\/div>\n\t\t\t\t<\/div>\n\t\t\t\t\t<\/div>\n\t\t\t\t<\/div>\n\t\t<div class=\"elementor-element elementor-element-71ad277 e-flex e-con-boxed e-con e-parent\" data-id=\"71ad277\" data-element_type=\"container\" data-settings=\"{&quot;background_background&quot;:&quot;classic&quot;}\">\n\t\t\t\t\t<div class=\"e-con-inner\">\n\t\t\t\t<div class=\"elementor-element elementor-element-54086f9 elementor-widget-divider--view-line_text elementor-widget-divider--element-align-center elementor-invisible elementor-widget elementor-widget-divider\" data-id=\"54086f9\" data-element_type=\"widget\" data-settings=\"{&quot;_animation&quot;:&quot;fadeInUp&quot;}\" data-widget_type=\"divider.default\">\n\t\t\t\t\t\t\t<div class=\"elementor-divider\">\n\t\t\t<span class=\"elementor-divider-separator\">\n\t\t\t\t\t\t\t<span class=\"elementor-divider__text elementor-divider__element\">\n\t\t\t\tContact\t\t\t\t<\/span>\n\t\t\t\t\t\t<\/span>\n\t\t<\/div>\n\t\t\t\t\t\t<\/div>\n\t\t\t\t<div class=\"elementor-element elementor-element-fb225db elementor-widget elementor-widget-text-editor\" data-id=\"fb225db\" data-element_type=\"widget\" data-widget_type=\"text-editor.default\">\n\t\t\t\t\t\t\t\t\t<p><strong>Contact Arielle Kitio<\/strong> to co-create opportunities that transform the future of young African women in a sustainable way.<\/p>\t\t\t\t\t\t\t\t<\/div>\n\t\t\t\t<div class=\"elementor-element elementor-element-ee8aae8 elementor-invisible elementor-widget elementor-widget-ucaddon_list\" data-id=\"ee8aae8\" data-element_type=\"widget\" data-settings=\"{&quot;_animation&quot;:&quot;fadeInUp&quot;}\" data-widget_type=\"ucaddon_list.default\">\n\t\t\t\t<div class=\"elementor-widget-container\">\n\t\t\t\t\t\n<!-- start List -->\n\n<style>\/* widget: List *\/\n\n\n\n#uc_list_elementor_ee8aae8{\n  display:grid;\n  position:relative;\n}\n\n#uc_list_elementor_ee8aae8 .ue-list-item{\n  display:flex;\n}\n\n#uc_list_elementor_ee8aae8 .ue-list-item-title{\n  display:flex;\n  align-items: center;\n} \n\n\n  #uc_list_elementor_ee8aae8 .ue-list-item a{\n    width:100%;\n  }\n\n#uc_list_elementor_ee8aae8 .ue-list-item-image img{\n  max-width:100%;\n}\n\n#uc_list_elementor_ee8aae8 .ue-list-item-text *{\n  transition: inherit;\n}\n\n#uc_list_elementor_ee8aae8 .ue-list-item-index{\n  flex-grow:0;\n  flex-shrink:0;\n  display:flex;\n  align-items:center;\n  justify-content:center;\n  line-height:1em;\n}\n\n#uc_list_elementor_ee8aae8 .ue-list-item-index svg{\n  height:1em;\n  width:1em;\n}\n\n#uc_list_elementor_ee8aae8 .ue-list-item-content{\n  flex-grow:1;\n}\n\n.ue_badge{\n  font-size:13px;\n}\n\n<\/style>\n\n<div id=\"uc_list_elementor_ee8aae8\" class=\"ue-list uc-items-wrapper\"  >\n  <a class=\"ue-list-item elementor-repeater-item-77d10e8\" href=\"https:\/\/arielle.douglas-wafo.com\/en\/contact\/\"  >\n  <div class=\"ue-list-item-index\">\n                              <img src='https:\/\/arielle.douglas-wafo.com\/wp-content\/uploads\/2025\/08\/arrow-right-up-line.svg' class='uc-svg-image'>\n                    \n  <\/div>\n  <div class=\"ue-list-item-content\">\n    <h4 class=\"ue-list-item-title\">Leave us a message \n                  <\/h4>\n          <\/div>\n<\/a>\n\n<\/div>\n<!-- end List -->\t\t\t\t<\/div>\n\t\t\t\t<\/div>\n\t\t\t\t\t<\/div>\n\t\t\t\t<\/div>\n\t\t\t\t<\/div>","protected":false},"excerpt":{"rendered":"<p>Accueil Coaching Diagnostic Contact Plaidoyer panafricain et international pour la jeunesse, les filles et l\u2019Afrique dans les STEAM KTA con\u00e7oit et pilote des programmes de mentorat, de formation et de sensibilisation destin\u00e9s \u00e0 accompagner les filles et femmes dans les domaines scientifiques et technologiques, ouvrant la voie \u00e0 une meilleure repr\u00e9sentativit\u00e9 des femmes dans les [&hellip;]<\/p>","protected":false},"author":2,"featured_media":0,"parent":0,"menu_order":0,"comment_status":"closed","ping_status":"closed","template":"","meta":{"footnotes":""},"class_list":["post-3288","page","type-page","status-publish","hentry"],"_links":{"self":[{"href":"https:\/\/arielle.douglas-wafo.com\/en\/wp-json\/wp\/v2\/pages\/3288","targetHints":{"allow":["GET"]}}],"collection":[{"href":"https:\/\/arielle.douglas-wafo.com\/en\/wp-json\/wp\/v2\/pages"}],"about":[{"href":"https:\/\/arielle.douglas-wafo.com\/en\/wp-json\/wp\/v2\/types\/page"}],"author":[{"embeddable":true,"href":"https:\/\/arielle.douglas-wafo.com\/en\/wp-json\/wp\/v2\/users\/2"}],"replies":[{"embeddable":true,"href":"https:\/\/arielle.douglas-wafo.com\/en\/wp-json\/wp\/v2\/comments?post=3288"}],"version-history":[{"count":0,"href":"https:\/\/arielle.douglas-wafo.com\/en\/wp-json\/wp\/v2\/pages\/3288\/revisions"}],"wp:attachment":[{"href":"https:\/\/arielle.douglas-wafo.com\/en\/wp-json\/wp\/v2\/media?parent=3288"}],"curies":[{"name":"wp","href":"https:\/\/api.w.org\/{rel}","templated":true}]}}